{"id":26,"date":"2010-12-25T19:57:04","date_gmt":"2010-12-25T18:57:04","guid":{"rendered":"http:\/\/www.rosen-apotheke-weiss.de\/wp\/?page_id=26"},"modified":"2020-09-16T07:21:23","modified_gmt":"2020-09-16T06:21:23","slug":"kontakt","status":"publish","type":"page","link":"https:\/\/www.rosen-apotheke-weiss.de\/wp\/kontakt\/","title":{"rendered":"Kontakt"},"content":{"rendered":"<p>Rosen Apotheke<br \/>\nAuf der Ruhr 86<br \/>\n50999 K\u00f6ln (Weiss)<\/p>\n<p>Tel: 0 22 36 &#8211; 6 17 31<br \/>\nFax: 0 22 36 &#8211; 32 48 99 1<\/p>\n<p>info(at)rosen-apotheke-weiss.de<\/p>\n<p><strong>Alternativ k\u00f6nnen Sie uns \u00fcber dieses Formular eine Nachricht zukommen lassen:<\/strong><br \/>\n\n<div class=\"wpcf7 no-js\" id=\"wpcf7-f1762-o1\" lang=\"de-DE\" dir=\"ltr\" data-wpcf7-id=\"1762\">\n<div class=\"screen-reader-response\"><p role=\"status\" aria-live=\"polite\" aria-atomic=\"true\"><\/p> <ul><\/ul><\/div>\n<form action=\"\/wp\/wp-json\/wp\/v2\/pages\/26#wpcf7-f1762-o1\" method=\"post\" class=\"wpcf7-form init\" aria-label=\"Kontaktformular\" novalidate=\"novalidate\" data-status=\"init\">\n<fieldset class=\"hidden-fields-container\"><input type=\"hidden\" name=\"_wpcf7\" value=\"1762\" \/><input type=\"hidden\" name=\"_wpcf7_version\" value=\"6.1.5\" \/><input type=\"hidden\" name=\"_wpcf7_locale\" value=\"de_DE\" \/><input type=\"hidden\" name=\"_wpcf7_unit_tag\" value=\"wpcf7-f1762-o1\" \/><input type=\"hidden\" name=\"_wpcf7_container_post\" value=\"0\" \/><input type=\"hidden\" name=\"_wpcf7_posted_data_hash\" value=\"\" \/>\n<\/fieldset>\n<p>Ihr Name<br \/>\n<span class=\"wpcf7-form-control-wrap\" data-name=\"name1\"><input size=\"40\" maxlength=\"400\" class=\"wpcf7-form-control wpcf7-text wpcf7-validates-as-required\" aria-required=\"true\" aria-invalid=\"false\" value=\"\" type=\"text\" name=\"name1\" \/><\/span><br \/>\nIhre Email<br \/>\n<span class=\"wpcf7-form-control-wrap\" data-name=\"email\"><input size=\"40\" maxlength=\"400\" class=\"wpcf7-form-control wpcf7-email wpcf7-validates-as-required wpcf7-text wpcf7-validates-as-email\" aria-required=\"true\" aria-invalid=\"false\" value=\"\" type=\"email\" name=\"email\" \/><\/span><br \/>\nBetreff<br \/>\n<span id=\"wpcf7-69d1b06c0b00d-wrapper\" class=\"wpcf7-form-control-wrap Name2X-wrap\" style=\"display:none !important; visibility:hidden !important;\"><label for=\"NameX\" class=\"hp-message\">Bitte lasse dieses Feld leer.<\/label><input id=\"NameX\"  class=\"wpcf7-form-control wpcf7-text\" type=\"text\" name=\"Name2X\" value=\"\" size=\"40\" tabindex=\"-1\" autocomplete=\"new-password\" \/><\/span><br \/>\n<span class=\"wpcf7-form-control-wrap\" data-name=\"betreff\"><input size=\"40\" maxlength=\"400\" class=\"wpcf7-form-control wpcf7-text wpcf7-validates-as-required\" aria-required=\"true\" aria-invalid=\"false\" value=\"\" type=\"text\" name=\"betreff\" \/><\/span><br \/>\nIhre Nachricht<br \/>\n<span class=\"wpcf7-form-control-wrap\" data-name=\"nachricht\"><textarea cols=\"40\" rows=\"10\" maxlength=\"2000\" class=\"wpcf7-form-control wpcf7-textarea wpcf7-validates-as-required\" aria-required=\"true\" aria-invalid=\"false\" name=\"nachricht\"><\/textarea><\/span><br \/>\nAnti Spam Ma\u00dfnahme. Bitte best\u00e4tigen Sie den angezeigten Code. <input type=\"hidden\" name=\"_wpcf7_captcha_challenge_captcha-171\" value=\"3179729435\" \/><img loading=\"lazy\" decoding=\"async\" class=\"wpcf7-form-control wpcf7-captchac wpcf7-captcha-captcha-171\" width=\"72\" height=\"24\" alt=\"captcha\" src=\"https:\/\/www.rosen-apotheke-weiss.de\/wp\/wp-content\/uploads\/wpcf7_captcha\/3179729435.png\" \/><span class=\"wpcf7-form-control-wrap\" data-name=\"captcha-171\"><input size=\"4\" maxlength=\"4\" class=\"wpcf7-form-control wpcf7-captchar\" autocomplete=\"off\" aria-invalid=\"false\" value=\"\" type=\"text\" name=\"captcha-171\" \/><\/span>\n<\/p>\n<p><input class=\"wpcf7-form-control wpcf7-submit has-spinner\" type=\"submit\" value=\"Senden\" \/>\n<\/p><input type='hidden' class='wpcf7-pum' value='{\"closepopup\":false,\"closedelay\":0,\"openpopup\":false,\"openpopup_id\":0}' \/><div class=\"wpcf7-response-output\" aria-hidden=\"true\"><\/div>\n<\/form>\n<\/div>\n<\/p>\n","protected":false},"excerpt":{"rendered":"<p>Rosen Apotheke Auf der Ruhr 86 50999 K\u00f6ln (Weiss) Tel: 0 22 36 &#8211; 6 17 31 Fax: 0 22 36 &#8211; 32 48 99 1 info(at)rosen-apotheke-weiss.de Alternativ k\u00f6nnen Sie uns \u00fcber dieses Formular eine Nachricht zukommen lassen:<\/p>\n","protected":false},"author":1,"featured_media":0,"parent":0,"menu_order":0,"comment_status":"closed","ping_status":"closed","template":"","meta":{"ngg_post_thumbnail":0,"_mc_calendar":[],"footnotes":""},"class_list":["post-26","page","type-page","status-publish","hentry"],"_links":{"self":[{"href":"https:\/\/www.rosen-apotheke-weiss.de\/wp\/wp-json\/wp\/v2\/pages\/26","targetHints":{"allow":["GET"]}}],"collection":[{"href":"https:\/\/www.rosen-apotheke-weiss.de\/wp\/wp-json\/wp\/v2\/pages"}],"about":[{"href":"https:\/\/www.rosen-apotheke-weiss.de\/wp\/wp-json\/wp\/v2\/types\/page"}],"author":[{"embeddable":true,"href":"https:\/\/www.rosen-apotheke-weiss.de\/wp\/wp-json\/wp\/v2\/users\/1"}],"replies":[{"embeddable":true,"href":"https:\/\/www.rosen-apotheke-weiss.de\/wp\/wp-json\/wp\/v2\/comments?post=26"}],"version-history":[{"count":7,"href":"https:\/\/www.rosen-apotheke-weiss.de\/wp\/wp-json\/wp\/v2\/pages\/26\/revisions"}],"predecessor-version":[{"id":1764,"href":"https:\/\/www.rosen-apotheke-weiss.de\/wp\/wp-json\/wp\/v2\/pages\/26\/revisions\/1764"}],"wp:attachment":[{"href":"https:\/\/www.rosen-apotheke-weiss.de\/wp\/wp-json\/wp\/v2\/media?parent=26"}],"curies":[{"name":"wp","href":"https:\/\/api.w.org\/{rel}","templated":true}]}}