{"id":24,"date":"2010-12-25T19:56:47","date_gmt":"2010-12-25T18:56:47","guid":{"rendered":"http:\/\/www.rosen-apotheke-weiss.de\/wp\/?page_id=24"},"modified":"2021-12-19T10:13:01","modified_gmt":"2021-12-19T09:13:01","slug":"vorbestellung","status":"publish","type":"page","link":"https:\/\/www.rosen-apotheke-weiss.de\/wp\/vorbestellung\/","title":{"rendered":"Vorbestellung"},"content":{"rendered":"<p>Die Rosen-Apotheke bietet Ihnen hier die M\u00f6glichkeit Arzneimittel vorzubestellen. Die Arzneimittel werden nicht an Sie versendet, sondern zur Abholung f\u00fcr Sie bereit gelegt. Daten \u00fcber die Person und den Inhalt der Vorbestellung werden nicht gespeichert, bearbeitet oder an Dritte weitergeleitet.<\/p>\n<p>Bitte bedenken Sie: Wenn Sie Ihre Vorbestellung au\u00dferhalb der \u00fcblichen Gesch\u00e4ftszeiten absenden, kann Ihre Apotheke die Bestellung erst bearbeiten, sobald sie wieder ge\u00f6ffnet hat. Sie k\u00f6nnen Ihre Bestellung innerhalb der Gesch\u00e4ftszeiten abholen &#8211; es sei denn, Ihre ausgew\u00e4hlte Apotheke hat Notdienst. In diesem Fall vereinbaren Sie bitte telefonisch einen Termin f\u00fcr die Abholung.<\/p>\n<p>Bringen Sie bitte Ihr Rezept bei der Abholung mit!<\/p>\n<p>Neben dem bisher angebotenen Formular Service k\u00f6nnen Sie Ihre Vorbestellung und Rezepteinl\u00f6sung nun \u00fcber das Portal &#8222;Gesund.de&#8220; platzieren.<br \/>\n<strong>Nutzen Sie hierf\u00fcr den nachfolgenden Link -&gt; <a href=\"https:\/\/www.gesund.de\/apotheke\/rosen-apotheke-50999-koeln\" target=\"_blank\" rel=\"noopener\">gesund.de<\/a><\/strong><\/p>\n<p>F\u00fcr eine \u00dcbergangszeit k\u00f6nnen Sie auch weiterhin unser <a href=\"https:\/\/www.rosen-apotheke-weiss.de\/wp\/vorbestellung-formular\/\">Formular<\/a> nutzen.<\/p>\n","protected":false},"excerpt":{"rendered":"<p>Die Rosen-Apotheke bietet Ihnen hier die M\u00f6glichkeit Arzneimittel vorzubestellen. Die Arzneimittel werden nicht an Sie versendet, sondern zur Abholung f\u00fcr Sie bereit gelegt. Daten \u00fcber die Person und den Inhalt der Vorbestellung werden nicht gespeichert, bearbeitet oder an Dritte weitergeleitet. &hellip; <a href=\"https:\/\/www.rosen-apotheke-weiss.de\/wp\/vorbestellung\/\">Weiterlesen <span class=\"meta-nav\">&rarr;<\/span><\/a><\/p>\n","protected":false},"author":1,"featured_media":0,"parent":0,"menu_order":0,"comment_status":"closed","ping_status":"closed","template":"","meta":{"ngg_post_thumbnail":0,"_mc_calendar":[],"footnotes":""},"class_list":["post-24","page","type-page","status-publish","hentry"],"_links":{"self":[{"href":"https:\/\/www.rosen-apotheke-weiss.de\/wp\/wp-json\/wp\/v2\/pages\/24","targetHints":{"allow":["GET"]}}],"collection":[{"href":"https:\/\/www.rosen-apotheke-weiss.de\/wp\/wp-json\/wp\/v2\/pages"}],"about":[{"href":"https:\/\/www.rosen-apotheke-weiss.de\/wp\/wp-json\/wp\/v2\/types\/page"}],"author":[{"embeddable":true,"href":"https:\/\/www.rosen-apotheke-weiss.de\/wp\/wp-json\/wp\/v2\/users\/1"}],"replies":[{"embeddable":true,"href":"https:\/\/www.rosen-apotheke-weiss.de\/wp\/wp-json\/wp\/v2\/comments?post=24"}],"version-history":[{"count":16,"href":"https:\/\/www.rosen-apotheke-weiss.de\/wp\/wp-json\/wp\/v2\/pages\/24\/revisions"}],"predecessor-version":[{"id":1376,"href":"https:\/\/www.rosen-apotheke-weiss.de\/wp\/wp-json\/wp\/v2\/pages\/24\/revisions\/1376"}],"wp:attachment":[{"href":"https:\/\/www.rosen-apotheke-weiss.de\/wp\/wp-json\/wp\/v2\/media?parent=24"}],"curies":[{"name":"wp","href":"https:\/\/api.w.org\/{rel}","templated":true}]}}